{"id":29649,"date":"2025-03-14T12:29:02","date_gmt":"2025-03-14T09:29:02","guid":{"rendered":"https:\/\/venuskimyasal.com\/?page_id=29649"},"modified":"2025-03-14T12:29:17","modified_gmt":"2025-03-14T09:29:17","slug":"tarim-kimyasallari","status":"publish","type":"page","link":"https:\/\/venuskimyasal.com\/?page_id=29649","title":{"rendered":"Tar\u0131m Kimyasallar\u0131"},"content":{"rendered":"\t\t<div data-elementor-type=\"wp-page\" data-elementor-id=\"29649\" class=\"elementor elementor-29649\">\n\t\t\t\t\r\n\t\t<div class=\"default no-position show_shadow rs-sticky-default elementor-element elementor-element-e9bd899 e-flex e-con-boxed e-con e-parent\" data-id=\"e9bd899\" data-element_type=\"container\" data-e-type=\"container\">\n\t\t\t\t\t<div class=\"e-con-inner\">\n\t\t\r\n\t\t\t\t<div class=\"elementor-element elementor-element-013bf67 elementor-widget elementor-widget-text-editor\" data-id=\"013bf67\" data-element_type=\"widget\" data-e-type=\"widget\" data-widget_type=\"text-editor.default\">\n\t\t\t\t<div class=\"elementor-widget-container\">\n\t\t\t\t\t\t\t\t\t<table border=\"1\" cellspacing=\"1\" cellpadding=\"1\"><tbody><tr><td><p>Tar\u0131m Kimyasallar\u0131<\/p><\/td><\/tr><tr><td>bak\u0131r s\u00fclfat<\/td><\/tr><tr><td>borik asit<\/td><\/tr><tr><td>\u00e7inko s\u00fclfat<\/td><\/tr><tr><td>demir s\u00fclfat<\/td><\/tr><tr><td>di amonyum fosfat<\/td><\/tr><tr><td>di etilen glikol<\/td><\/tr><tr><td>edta<\/td><\/tr><tr><td>gliserin<\/td><\/tr><tr><td>fosforik asit 85%<\/td><\/tr><tr><td>kalsiyum dodesil benzen s\u00fclfonat \/ stero cabs<\/td><\/tr><tr><td>kalsiyum klor\u00fcr<\/td><\/tr><tr><td>kalsiyum nitrat<\/td><\/tr><tr><td>kalsiyum ligno s\u00fclfonat<\/td><\/tr><tr><td>mangan s\u00fclfat<\/td><\/tr><tr><td>mono amonyum fosfat<\/td><\/tr><tr><td>mono etanol amin<\/td><\/tr><tr><td>mono potasyum fosfat<\/td><\/tr><tr><td>potas kostik<\/td><\/tr><tr><td>potasyum karbonat<\/td><\/tr><tr><td>potasyum nitrat<\/td><\/tr><tr><td>potasyum s\u00fclfat<\/td><\/tr><tr><td>\u00fcre fosfat<\/td><\/tr><\/tbody><\/table><p>\u00a0<\/p>\t\t\t\t\t\t\t\t<\/div>\n\t\t\t\t<\/div>\n\t\t\t\t\t<\/div>\n\t\t\t\t<\/div>\n\t\t\t\t<\/div>\n\t\t","protected":false},"excerpt":{"rendered":"<p>Tar\u0131m Kimyasallar\u0131 bak\u0131r s\u00fclfat borik asit \u00e7inko s\u00fclfat demir s\u00fclfat di amonyum fosfat di etilen glikol edta gliserin fosforik asit 85% kalsiyum dodesil benzen s\u00fclfonat \/ stero cabs kalsiyum klor\u00fcr kalsiyum nitrat kalsiyum ligno s\u00fclfonat mangan s\u00fclfat mono amonyum fosfat mono etanol amin mono potasyum fosfat potas kostik potasyum karbonat potasyum nitrat potasyum s\u00fclfat \u00fcre&#8230;<\/p>\n","protected":false},"author":1,"featured_media":0,"parent":0,"menu_order":0,"comment_status":"closed","ping_status":"closed","template":"","meta":{"_monsterinsights_skip_tracking":false,"_monsterinsights_sitenote_active":false,"_monsterinsights_sitenote_note":"","_monsterinsights_sitenote_category":0,"footnotes":""},"class_list":["post-29649","page","type-page","status-publish","hentry"],"_links":{"self":[{"href":"https:\/\/venuskimyasal.com\/index.php?rest_route=\/wp\/v2\/pages\/29649","targetHints":{"allow":["GET"]}}],"collection":[{"href":"https:\/\/venuskimyasal.com\/index.php?rest_route=\/wp\/v2\/pages"}],"about":[{"href":"https:\/\/venuskimyasal.com\/index.php?rest_route=\/wp\/v2\/types\/page"}],"author":[{"embeddable":true,"href":"https:\/\/venuskimyasal.com\/index.php?rest_route=\/wp\/v2\/users\/1"}],"replies":[{"embeddable":true,"href":"https:\/\/venuskimyasal.com\/index.php?rest_route=%2Fwp%2Fv2%2Fcomments&post=29649"}],"version-history":[{"count":4,"href":"https:\/\/venuskimyasal.com\/index.php?rest_route=\/wp\/v2\/pages\/29649\/revisions"}],"predecessor-version":[{"id":29653,"href":"https:\/\/venuskimyasal.com\/index.php?rest_route=\/wp\/v2\/pages\/29649\/revisions\/29653"}],"wp:attachment":[{"href":"https:\/\/venuskimyasal.com\/index.php?rest_route=%2Fwp%2Fv2%2Fmedia&parent=29649"}],"curies":[{"name":"wp","href":"https:\/\/api.w.org\/{rel}","templated":true}]}}