{"id":29644,"date":"2025-03-14T12:28:36","date_gmt":"2025-03-14T09:28:36","guid":{"rendered":"https:\/\/venuskimyasal.com\/?page_id=29644"},"modified":"2025-03-16T15:31:01","modified_gmt":"2025-03-16T12:31:01","slug":"yapi-kimyasallari","status":"publish","type":"page","link":"https:\/\/venuskimyasal.com\/?page_id=29644","title":{"rendered":"Yap\u0131 Kimyasallar\u0131"},"content":{"rendered":"<table border=\"1\" cellspacing=\"1\" cellpadding=\"1\">\n<tbody>\n<tr>\n<td>\n<p>Yap\u0131 Kimyasallar\u0131<\/p>\n<\/td>\n<\/tr>\n<tr>\n<td>sitrik asit anhidrat<\/td>\n<\/tr>\n<tr>\n<td>sitrik asit monohidrat<\/td>\n<\/tr>\n<tr>\n<td>toz k\u00f6p\u00fck kesiciler<\/td>\n<\/tr>\n<tr>\n<td>s\u0131v\u0131 k\u00f6p\u00fck kesiciler<\/td>\n<\/tr>\n<tr>\n<td>rutil titan<\/td>\n<\/tr>\n<tr>\n<td>sodyum glukonat<\/td>\n<\/tr>\n<tr>\n<td>trietanolamin (tea)<\/td>\n<\/tr>\n<tr>\n<td>naftalen s\u00fclfonat<\/td>\n<\/tr>\n<tr>\n<td>monoetilenglikol<\/td>\n<\/tr>\n<tr>\n<td>sodyum ligno s\u00fclfonat<\/td>\n<\/tr>\n<tr>\n<td>amonyum ligno s\u00fclfonat<\/td>\n<\/tr>\n<tr>\n<td>potasyum ligno s\u00fclfonat<\/td>\n<\/tr>\n<tr>\n<td>sodyum hegzametafosfat<\/td>\n<\/tr>\n<tr>\n<td>hint ya\u011f\u0131<\/td>\n<\/tr>\n<tr>\n<td>destile koko ya\u011f\u0131 asidi<\/td>\n<\/tr>\n<tr>\n<td>soya lesitini<\/td>\n<\/tr>\n<tr>\n<td>kolofon re\u00e7ine<\/td>\n<\/tr>\n<tr>\n<td>potasyum karbonat<\/td>\n<\/tr>\n<tr>\n<td>amonyum pers\u00fclfat<\/td>\n<\/tr>\n<tr>\n<td>potasyum pers\u00fclfat<\/td>\n<\/tr>\n<tr>\n<td>sodyum pers\u00fclfat<\/td>\n<\/tr>\n<tr>\n<td>dimetilformamid<\/td>\n<\/tr>\n<tr>\n<td>polivinil alkol (pva)<\/td>\n<\/tr>\n<tr>\n<td>aseton<\/td>\n<\/tr>\n<tr>\n<td>ipa<\/td>\n<\/tr>\n<tr>\n<td>nitrik asit<\/td>\n<\/tr>\n<tr>\n<td>butil glikol<\/td>\n<\/tr>\n<tr>\n<td>butil diglikol<\/td>\n<\/tr>\n<tr>\n<td>dipropilenglikol<\/td>\n<\/tr>\n<tr>\n<td>baryum karbonat<\/td>\n<\/tr>\n<tr>\n<td>potasyum karbonat<\/td>\n<\/tr>\n<tr>\n<td>sodyum karbonat<\/td>\n<\/tr>\n<tr>\n<td>a\u011f\u0131r soda<\/td>\n<\/tr>\n<tr>\n<td>sodyum nitrat<\/td>\n<\/tr>\n<tr>\n<td>sodyum tripolifosfat (stpp \u2013 toz)<\/td>\n<\/tr>\n<tr>\n<td>sodyum tripolifosfat (stpp \u2013 gran\u00fcl)<\/td>\n<\/tr>\n<\/tbody>\n<\/table>\n","protected":false},"excerpt":{"rendered":"<p>Yap\u0131 Kimyasallar\u0131 sitrik asit anhidrat sitrik asit monohidrat toz k\u00f6p\u00fck kesiciler s\u0131v\u0131 k\u00f6p\u00fck kesiciler rutil titan sodyum glukonat trietanolamin (tea) naftalen s\u00fclfonat monoetilenglikol sodyum ligno s\u00fclfonat amonyum ligno s\u00fclfonat potasyum ligno s\u00fclfonat sodyum hegzametafosfat hint ya\u011f\u0131 destile koko ya\u011f\u0131 asidi soya lesitini kolofon re\u00e7ine potasyum karbonat amonyum pers\u00fclfat potasyum pers\u00fclfat sodyum pers\u00fclfat dimetilformamid polivinil alkol&#8230;<\/p>\n","protected":false},"author":1,"featured_media":29671,"parent":0,"menu_order":0,"comment_status":"closed","ping_status":"closed","template":"","meta":{"_monsterinsights_skip_tracking":false,"_monsterinsights_sitenote_active":false,"_monsterinsights_sitenote_note":"","_monsterinsights_sitenote_category":0,"footnotes":""},"class_list":["post-29644","page","type-page","status-publish","has-post-thumbnail","hentry"],"_links":{"self":[{"href":"https:\/\/venuskimyasal.com\/index.php?rest_route=\/wp\/v2\/pages\/29644","targetHints":{"allow":["GET"]}}],"collection":[{"href":"https:\/\/venuskimyasal.com\/index.php?rest_route=\/wp\/v2\/pages"}],"about":[{"href":"https:\/\/venuskimyasal.com\/index.php?rest_route=\/wp\/v2\/types\/page"}],"author":[{"embeddable":true,"href":"https:\/\/venuskimyasal.com\/index.php?rest_route=\/wp\/v2\/users\/1"}],"replies":[{"embeddable":true,"href":"https:\/\/venuskimyasal.com\/index.php?rest_route=%2Fwp%2Fv2%2Fcomments&post=29644"}],"version-history":[{"count":5,"href":"https:\/\/venuskimyasal.com\/index.php?rest_route=\/wp\/v2\/pages\/29644\/revisions"}],"predecessor-version":[{"id":29701,"href":"https:\/\/venuskimyasal.com\/index.php?rest_route=\/wp\/v2\/pages\/29644\/revisions\/29701"}],"wp:featuredmedia":[{"embeddable":true,"href":"https:\/\/venuskimyasal.com\/index.php?rest_route=\/wp\/v2\/media\/29671"}],"wp:attachment":[{"href":"https:\/\/venuskimyasal.com\/index.php?rest_route=%2Fwp%2Fv2%2Fmedia&parent=29644"}],"curies":[{"name":"wp","href":"https:\/\/api.w.org\/{rel}","templated":true}]}}